{"id":7,"date":"2024-04-09T17:50:03","date_gmt":"2024-04-09T17:50:03","guid":{"rendered":"https:\/\/kocaali.taxi\/?page_id=7"},"modified":"2024-07-23T19:55:56","modified_gmt":"2024-07-23T19:55:56","slug":"anasayfa","status":"publish","type":"page","link":"https:\/\/kocaali.taxi\/","title":{"rendered":"Anasayfa"},"content":{"rendered":"\n<div class=\"slider-wrapper relative\" id=\"slider-806831107\" >\n    <div class=\"slider slider-nav-circle slider-nav-large slider-nav-light slider-style-normal\"\n        data-flickity-options='{\n            \"cellAlign\": \"center\",\n            \"imagesLoaded\": true,\n            \"lazyLoad\": 1,\n            \"freeScroll\": false,\n            \"wrapAround\": true,\n            \"autoPlay\": 6000,\n            \"pauseAutoPlayOnHover\" : true,\n            \"prevNextButtons\": true,\n            \"contain\" : true,\n            \"adaptiveHeight\" : true,\n            \"dragThreshold\" : 10,\n            \"percentPosition\": true,\n            \"pageDots\": true,\n            \"rightToLeft\": false,\n            \"draggable\": true,\n            \"selectedAttraction\": 0.1,\n            \"parallax\" : 0,\n            \"friction\": 0.6        }'\n        >\n        \n\n\n  <div class=\"banner has-hover\" id=\"banner-1440561356\">\n          <div class=\"banner-inner fill\">\n        <div class=\"banner-bg fill\" >\n            <div class=\"bg fill bg-fill \"><\/div>\n                                    \n                    <\/div>\n\t\t\n        <div class=\"banner-layers container\">\n            <div class=\"fill banner-link\"><\/div>            \n\n   <div id=\"text-box-847471579\" class=\"text-box banner-layer x50 md-x50 lg-x50 y50 md-y50 lg-y50 res-text\">\n                                <div class=\"text-box-content text dark\">\n              \n              <div class=\"text-inner text-center\">\n                  \n\n<a href=\"tel:05335057754\" target=\"_self\" class=\"button primary is-shade is-larger box-shadow-4 box-shadow-5-hover\"  style=\"border-radius:10px;\">\n    <span>ARA<\/span>\n  <\/a>\n\n\n<a href=\"https:\/\/wa.me\/05335057754\" target=\"_self\" class=\"button success is-shade is-larger box-shadow-4 box-shadow-5-hover\" style=\"border-radius:10px;\" rel=\"noopener\">\n    <span>whatsapp<\/span>\n  <\/a>\n\n\n\n              <\/div>\n           <\/div>\n                            \n<style>\n#text-box-847471579 {\n  width: 60%;\n}\n#text-box-847471579 .text-box-content {\n  font-size: 100%;\n}\n<\/style>\n    <\/div>\n \n\n        <\/div>\n      <\/div>\n\n            \n<style>\n#banner-1440561356 {\n  padding-top: 50%;\n}\n#banner-1440561356 .bg.bg-loaded {\n  background-image: url(https:\/\/kocaali.taxi\/wp-content\/uploads\/2024\/04\/kocaali-taksi-1536x1152-1.jpeg);\n}\n#banner-1440561356 .bg {\n  background-position: 59% 79%;\n}\n<\/style>\n  <\/div>\n\n\n\n     <\/div>\n\n     <div class=\"loading-spin dark large centered\"><\/div>\n\n\t<\/div>\n\n\n\t<section class=\"section\" id=\"section_2087455406\">\n\t\t<div class=\"bg section-bg fill bg-fill  bg-loaded\" >\n\n\t\t\t\n\t\t\t\n\t\t\t\n\n\t\t<\/div>\n\n\t\t\n\n\t\t<div class=\"section-content relative\">\n\t\t\t\n\n<div class=\"row row-large align-center row-divided\"  id=\"row-525499108\">\n\n\n\t<div id=\"col-1354266421\" class=\"col medium-4 large-4\"  >\n\t\t\t\t<div class=\"col-inner\"  >\n\t\t\t\n\t\t\t\n\n\n\t\t<div class=\"icon-box featured-box icon-box-center text-center\"  style=\"margin:0px 0px 0px 0px;\">\n\t\t\t\t<div class=\"icon-box-text last-reset\">\n\t\t\t<h5 class=\"uppercase\">Kocaali Taksi<\/h5>\t\t\t\t\t\t\n\n<p>Kocaali&#8217;de H\u0131zl\u0131 ve g\u00fcvenilir bir \u015fekilde istenilen lokasyona ula\u015fabilirsiniz. 7\/24 ula\u015f\u0131m arac\u0131 olarak tercih edilebilir.<\/p>\n\n\t\t<\/div>\n\t<\/div>\n\t\n\t\n\n\t\t<\/div>\n\t\t\t\t\t<\/div>\n\n\t\n\n\t<div id=\"col-245523239\" class=\"col medium-4 large-4\"  >\n\t\t\t\t<div class=\"col-inner\"  >\n\t\t\t\n\t\t\t\n\n\n\t\t<div class=\"icon-box featured-box icon-box-center text-center\"  style=\"margin:0px 0px 0px 0px;\">\n\t\t\t\t<div class=\"icon-box-text last-reset\">\n\t\t\t<h5 class=\"uppercase\">Kocaali Taksi Dura\u011f\u0131<\/h5>\t\t\t\t\t\t\n\n<p>Kocaali&#8217;de taksi dura\u011f\u0131, il\u00e7enin ula\u015f\u0131m ihtiya\u00e7lar\u0131n\u0131 kar\u015f\u0131lamak i\u00e7in \u00f6nemli bir rol oynar. Genellikle \u015fehir merkezi, otogar, hastane ve havaalan\u0131 hizmetleri veriyoruz.<\/p>\n\n\t\t<\/div>\n\t<\/div>\n\t\n\t\n\n\t\t<\/div>\n\t\t\t\t\t<\/div>\n\n\t\n\n\t<div id=\"col-1620428726\" class=\"col medium-4 large-4\"  >\n\t\t\t\t<div class=\"col-inner\"  >\n\t\t\t\n\t\t\t\n\n\n\t\t<div class=\"icon-box featured-box icon-box-center text-center\"  style=\"margin:0px 0px 0px 0px;\">\n\t\t\t\t<div class=\"icon-box-text last-reset\">\n\t\t\t<h5 class=\"uppercase\">Kocaali Havaalan\u0131 Taksi<\/h5>\t\t\t\t\t\t\n\n<p>Kocaali&#8217;den yolcular\u0131m\u0131z\u0131n\u00a0 rahat ve g\u00fcvenli bir \u015fekilde Havaalanlar\u0131na ula\u015fmalar\u0131n\u0131 sa\u011fl\u0131yoruz.<\/p>\n\n\t\t<\/div>\n\t<\/div>\n\t\n\t\n\n\t\t<\/div>\n\t\t\t\t\t<\/div>\n\n\t\n\n<\/div>\n\n\t\t<\/div>\n\n\t\t\n<style>\n#section_2087455406 {\n  padding-top: 30px;\n  padding-bottom: 30px;\n  background-color: rgb(255, 255, 255);\n}\n<\/style>\n\t<\/section>\n\t\n\t<div id=\"text-1590081683\" class=\"text\">\n\t\t\n\n<h2>Hizmetler<\/h2>\n\t\t\n<style>\n#text-1590081683 {\n  text-align: center;\n}\n<\/style>\n\t<\/div>\n\t\n\t<section class=\"section\" id=\"section_709740266\">\n\t\t<div class=\"bg section-bg fill bg-fill  bg-loaded\" >\n\n\t\t\t\n\t\t\t<div class=\"section-bg-overlay absolute fill\"><\/div>\n\t\t\t\n\t<div class=\"is-border\"\n\t\tstyle=\"border-width:1px 0px 1px 0px;\">\n\t<\/div>\n\n\t\t<\/div>\n\n\t\t\n\n\t\t<div class=\"section-content relative\">\n\t\t\t\n\n<div class=\"row row-large align-middle\"  id=\"row-1012085154\">\n\n\n\t<div id=\"col-1909368052\" class=\"col medium-6 small-12 large-6\"  >\n\t\t\t\t<div class=\"col-inner\"  >\n\t\t\t\n\t\t\t\n\n\t<div class=\"img has-hover x md-x lg-x y md-y lg-y\" id=\"image_201174843\">\n\t\t\t\t\t\t\t\t<div class=\"img-inner box-shadow-2 dark\" >\n\t\t\t<img loading=\"lazy\" decoding=\"async\" width=\"320\" height=\"202\" src=\"https:\/\/kocaali.taxi\/wp-content\/uploads\/2024\/04\/whatsapp-image-2020-05-09-at-22.41.59-1-320x202-1.jpeg\" class=\"attachment-large size-large\" alt=\"\" srcset=\"https:\/\/kocaali.taxi\/wp-content\/uploads\/2024\/04\/whatsapp-image-2020-05-09-at-22.41.59-1-320x202-1.jpeg 320w, https:\/\/kocaali.taxi\/wp-content\/uploads\/2024\/04\/whatsapp-image-2020-05-09-at-22.41.59-1-320x202-1-300x189.jpeg 300w\" sizes=\"auto, (max-width: 320px) 100vw, 320px\" \/>\t\t\t\t\t\t\n\t\t\t\t\t<\/div>\n\t\t\t\t\t\t\t\t\n<style>\n#image_201174843 {\n  width: 100%;\n}\n<\/style>\n\t<\/div>\n\t\n\n\n\t\t<\/div>\n\t\t\t\t\t<\/div>\n\n\t\n\n\t<div id=\"col-2109338045\" class=\"col medium-6 small-12 large-6\"  >\n\t\t\t\t<div class=\"col-inner text-left\"  >\n\t\t\t\n\t\t\t\n\n<h3 class=\"uppercase\"><strong>\u015eehir \u0130\u00e7i ve \u015eehirler Aras\u0131 Ula\u015f\u0131m<\/strong><\/h3>\n<p>Kocaali Taksi olarak, il\u00e7e i\u00e7indeki k\u0131sa mesafeli seyahatlerden uzun mesafeli \u015fehirler aras\u0131 yolculuklara kadar geni\u015f bir hizmet yelpazesi sunuyoruz. Gidece\u011finiz her noktaya konforlu ve g\u00fcvenli bir \u015fekilde ula\u015fman\u0131z\u0131 sa\u011fl\u0131yoruz.<\/p>\n\n\t\t<\/div>\n\t\t\t\t\t<\/div>\n\n\t\n\n<\/div>\n\n\t\t<\/div>\n\n\t\t\n<style>\n#section_709740266 {\n  padding-top: 60px;\n  padding-bottom: 60px;\n  background-color: rgb(193, 193, 193);\n}\n#section_709740266 .section-bg-overlay {\n  background-color: rgba(255, 255, 255, 0.85);\n}\n<\/style>\n\t<\/section>\n\t\n\t<section class=\"section\" id=\"section_753719051\">\n\t\t<div class=\"bg section-bg fill bg-fill  bg-loaded\" >\n\n\t\t\t\n\t\t\t<div class=\"section-bg-overlay absolute fill\"><\/div>\n\t\t\t\n\n\t\t<\/div>\n\n\t\t\n\n\t\t<div class=\"section-content relative\">\n\t\t\t\n\n<div class=\"row row-large align-middle\"  id=\"row-249050560\">\n\n\n\t<div id=\"col-564749129\" class=\"col medium-6 small-12 large-6\"  >\n\t\t\t\t<div class=\"col-inner text-left\"  >\n\t\t\t\n\t\t\t\n\n<h2 class=\"uppercase\">Kocaali Havaalan\u0131 Taksi<\/h2>\n<p>Sabiha G\u00f6k\u00e7en Havaliman\u0131, \u0130stanbul Havaliman\u0131 ve\u00a0 \u00e7evredeki havaalanlar\u0131na konforlu ve zaman\u0131nda\u00a0 taksi hizmeti sunuyoruz. Siz havaalan\u0131nda u\u00e7a\u011f\u0131n\u0131z\u0131 beklerken, bavullar\u0131n\u0131z\u0131 ta\u015f\u0131ma ve hedefinize ula\u015fma konusunda endi\u015felenmenize gerek yok.<\/p>\n\n\t\t<\/div>\n\t\t\t\t\t<\/div>\n\n\t\n\n\t<div id=\"col-1165805909\" class=\"col medium-6 small-12 large-6\"  >\n\t\t\t\t<div class=\"col-inner\"  >\n\t\t\t\n\t\t\t\n\n\t<div class=\"img has-hover x md-x lg-x y md-y lg-y\" id=\"image_1913783441\">\n\t\t\t\t\t\t\t\t<div class=\"img-inner box-shadow-2 dark\" >\n\t\t\t<img loading=\"lazy\" decoding=\"async\" width=\"300\" height=\"225\" src=\"https:\/\/kocaali.taxi\/wp-content\/uploads\/2024\/04\/whatsapp-image-2020-05-09-at-22.42.00-1-300x225-1.jpeg\" class=\"attachment-large size-large\" alt=\"\" \/>\t\t\t\t\t\t\n\t\t\t\t\t<\/div>\n\t\t\t\t\t\t\t\t\n<style>\n#image_1913783441 {\n  width: 100%;\n}\n<\/style>\n\t<\/div>\n\t\n\n\n\t\t<\/div>\n\t\t\t\t\t<\/div>\n\n\t\n\n<\/div>\n\n\t\t<\/div>\n\n\t\t\n<style>\n#section_753719051 {\n  padding-top: 60px;\n  padding-bottom: 60px;\n  background-color: rgb(255, 255, 255);\n}\n#section_753719051 .section-bg-overlay {\n  background-color: rgba(255, 255, 255, 0.85);\n}\n<\/style>\n\t<\/section>\n\t\n\t<section class=\"section\" id=\"section_155587717\">\n\t\t<div class=\"bg section-bg fill bg-fill  bg-loaded\" >\n\n\t\t\t\n\t\t\t<div class=\"section-bg-overlay absolute fill\"><\/div>\n\t\t\t\n\t<div class=\"is-border\"\n\t\tstyle=\"border-width:1px 0px 1px 0px;\">\n\t<\/div>\n\n\t\t<\/div>\n\n\t\t\n\n\t\t<div class=\"section-content relative\">\n\t\t\t\n\n<div class=\"row row-large align-middle\"  id=\"row-1584917876\">\n\n\n\t<div id=\"col-1353688164\" class=\"col medium-6 small-12 large-6\"  >\n\t\t\t\t<div class=\"col-inner\"  >\n\t\t\t\n\t\t\t\n\n\t<div class=\"img has-hover x md-x lg-x y md-y lg-y\" id=\"image_324975665\">\n\t\t\t\t\t\t\t\t<div class=\"img-inner box-shadow-2 dark\" >\n\t\t\t<img loading=\"lazy\" decoding=\"async\" width=\"400\" height=\"533\" src=\"https:\/\/kocaali.taxi\/wp-content\/uploads\/2024\/04\/WhatsApp-Image-2021-10-23-at-17.42.12-400x533-1.jpeg\" class=\"attachment-large size-large\" alt=\"\" srcset=\"https:\/\/kocaali.taxi\/wp-content\/uploads\/2024\/04\/WhatsApp-Image-2021-10-23-at-17.42.12-400x533-1.jpeg 400w, https:\/\/kocaali.taxi\/wp-content\/uploads\/2024\/04\/WhatsApp-Image-2021-10-23-at-17.42.12-400x533-1-225x300.jpeg 225w\" sizes=\"auto, (max-width: 400px) 100vw, 400px\" \/>\t\t\t\t\t\t\n\t\t\t\t\t<\/div>\n\t\t\t\t\t\t\t\t\n<style>\n#image_324975665 {\n  width: 100%;\n}\n<\/style>\n\t<\/div>\n\t\n\n\n\t\t<\/div>\n\t\t\t\t\t<\/div>\n\n\t\n\n\t<div id=\"col-1734694751\" class=\"col medium-6 small-12 large-6\"  >\n\t\t\t\t<div class=\"col-inner text-left\"  >\n\t\t\t\n\t\t\t\n\n<h3 class=\"uppercase\"><strong>Turistik Geziler ve \u015eehir Turlar\u0131<\/strong><\/h3>\n<p>Kocaali&#8217;nin do\u011fal g\u00fczelliklerini ve tarihi yerlerini ke\u015ffetmek isteyenler i\u00e7in \u00f6zel turistik geziler ve \u015fehir turlar\u0131 d\u00fczenliyoruz. Size rehberlik etmek ve en g\u00fczel noktalar\u0131 ke\u015ffetmenizi sa\u011flamak i\u00e7in haz\u0131r\u0131z.<\/p>\n<p>\u00a0<\/p>\n\n\t\t<\/div>\n\t\t\t\t\t<\/div>\n\n\t\n\n<\/div>\n\n\t\t<\/div>\n\n\t\t\n<style>\n#section_155587717 {\n  padding-top: 60px;\n  padding-bottom: 60px;\n  background-color: rgb(193, 193, 193);\n}\n#section_155587717 .section-bg-overlay {\n  background-color: rgba(255, 255, 255, 0.85);\n}\n<\/style>\n\t<\/section>\n\t\n\t<section class=\"section\" id=\"section_449687281\">\n\t\t<div class=\"bg section-bg fill bg-fill  bg-loaded\" >\n\n\t\t\t\n\t\t\t<div class=\"section-bg-overlay absolute fill\"><\/div>\n\t\t\t\n\n\t\t<\/div>\n\n\t\t\n\n\t\t<div class=\"section-content relative\">\n\t\t\t\n\n<div class=\"row row-large align-middle\"  id=\"row-1682958398\">\n\n\n\t<div id=\"col-290661526\" class=\"col medium-6 small-12 large-6\"  >\n\t\t\t\t<div class=\"col-inner text-left\"  >\n\t\t\t\n\t\t\t\n\n<h3 class=\"uppercase\"><strong>\u00d6zel Etkinlikler 7\/24 Hizmet<\/strong><\/h3>\n<p>\u00d6zel etkinliklerinizde ve d\u00fc\u011f\u00fcnlerinizde ula\u015f\u0131m ihtiya\u00e7lar\u0131n\u0131z\u0131 kar\u015f\u0131lamak i\u00e7in \u00f6zel hizmetler sunuyoruz. Misafirlerinizi g\u00fcvenle ta\u015f\u0131yor ve \u00f6zel g\u00fcnlerinizi unutulmaz k\u0131l\u0131yoruz.Acil durumlarda veya gece ge\u00e7 saatlerde dahi ula\u015f\u0131m ihtiya\u00e7lar\u0131n\u0131z\u0131 kar\u015f\u0131lamak i\u00e7in 24 saat kesintisiz hizmet sunuyoruz. Size istedi\u011finiz zaman ve herhangi bir yerden ula\u015fman\u0131za yard\u0131mc\u0131 oluyoruz.<\/p>\n\n\t\t<\/div>\n\t\t\t\t\t<\/div>\n\n\t\n\n\t<div id=\"col-1739288622\" class=\"col medium-6 small-12 large-6\"  >\n\t\t\t\t<div class=\"col-inner\"  >\n\t\t\t\n\t\t\t\n\n\t<div class=\"img has-hover x md-x lg-x y md-y lg-y\" id=\"image_1749207972\">\n\t\t\t\t\t\t\t\t<div class=\"img-inner box-shadow-2 dark\" >\n\t\t\t<img loading=\"lazy\" decoding=\"async\" width=\"768\" height=\"1024\" src=\"https:\/\/kocaali.taxi\/wp-content\/uploads\/2024\/04\/WhatsApp-Image-2021-10-23-at-17.42.11-2-768x1024-1.jpeg\" class=\"attachment-large size-large\" alt=\"\" srcset=\"https:\/\/kocaali.taxi\/wp-content\/uploads\/2024\/04\/WhatsApp-Image-2021-10-23-at-17.42.11-2-768x1024-1.jpeg 768w, https:\/\/kocaali.taxi\/wp-content\/uploads\/2024\/04\/WhatsApp-Image-2021-10-23-at-17.42.11-2-768x1024-1-225x300.jpeg 225w\" sizes=\"auto, (max-width: 768px) 100vw, 768px\" \/>\t\t\t\t\t\t\n\t\t\t\t\t<\/div>\n\t\t\t\t\t\t\t\t\n<style>\n#image_1749207972 {\n  width: 100%;\n}\n<\/style>\n\t<\/div>\n\t\n\n\n\t\t<\/div>\n\t\t\t\t\t<\/div>\n\n\t\n\n<\/div>\n\n\t\t<\/div>\n\n\t\t\n<style>\n#section_449687281 {\n  padding-top: 60px;\n  padding-bottom: 60px;\n  background-color: rgb(255, 255, 255);\n}\n#section_449687281 .section-bg-overlay {\n  background-color: rgba(255, 255, 255, 0.85);\n}\n<\/style>\n\t<\/section>\n\t\n\t<section class=\"section\" id=\"section_1527733111\">\n\t\t<div class=\"bg section-bg fill bg-fill  bg-loaded\" >\n\n\t\t\t\n\t\t\t<div class=\"section-bg-overlay absolute fill\"><\/div>\n\t\t\t\n\t<div class=\"is-border\"\n\t\tstyle=\"border-width:1px 0px 1px 0px;\">\n\t<\/div>\n\n\t\t<\/div>\n\n\t\t\n\n\t\t<div class=\"section-content relative\">\n\t\t\t\n\n<div class=\"row row-large align-middle\"  id=\"row-580018773\">\n\n\n\t<div id=\"col-59287956\" class=\"col medium-6 small-12 large-6\"  >\n\t\t\t\t<div class=\"col-inner\"  >\n\t\t\t\n\t\t\t\n\n\t<div class=\"img has-hover x md-x lg-x y md-y lg-y\" id=\"image_2126122279\">\n\t\t\t\t\t\t\t\t<div class=\"img-inner box-shadow-2 dark\" >\n\t\t\t<img loading=\"lazy\" decoding=\"async\" width=\"700\" height=\"441\" src=\"https:\/\/kocaali.taxi\/wp-content\/uploads\/2024\/04\/whatsapp-image-2020-05-09-at-22.42.03-1-700x441-1.jpeg\" class=\"attachment-large size-large\" alt=\"\" srcset=\"https:\/\/kocaali.taxi\/wp-content\/uploads\/2024\/04\/whatsapp-image-2020-05-09-at-22.42.03-1-700x441-1.jpeg 700w, https:\/\/kocaali.taxi\/wp-content\/uploads\/2024\/04\/whatsapp-image-2020-05-09-at-22.42.03-1-700x441-1-300x189.jpeg 300w\" sizes=\"auto, (max-width: 700px) 100vw, 700px\" \/>\t\t\t\t\t\t\n\t\t\t\t\t<\/div>\n\t\t\t\t\t\t\t\t\n<style>\n#image_2126122279 {\n  width: 100%;\n}\n<\/style>\n\t<\/div>\n\t\n\n\n\t\t<\/div>\n\t\t\t\t\t<\/div>\n\n\t\n\n\t<div id=\"col-893582958\" class=\"col medium-6 small-12 large-6\"  >\n\t\t\t\t<div class=\"col-inner text-left\"  >\n\t\t\t\n\t\t\t\n\n<h2 class=\"uppercase\">Kocaali Taksi Dura\u011f\u0131<\/h2>\n<p>Kocaali taksi dura\u011f\u0131 Yolcular, genellikle \u00e7a\u011fr\u0131 merkezlerini arayarak veya Buradan bizi arayarak taksi hizmet alabilirler. Kocaali&#8217;de\u00a0 taksi hizmeti genellikle il s\u0131n\u0131rlar\u0131n\u0131 veya havaalanlar\u0131n\u0131 kapsar ve halk\u0131n g\u00fcnl\u00fck ula\u015f\u0131m ihtiya\u00e7lar\u0131n\u0131 kar\u015f\u0131lamak i\u00e7in Hizmet verir.<\/p>\n<p>\u00a0<\/p>\n\n\t\t<\/div>\n\t\t\t\t\t<\/div>\n\n\t\n\n<\/div>\n\n\t\t<\/div>\n\n\t\t\n<style>\n#section_1527733111 {\n  padding-top: 60px;\n  padding-bottom: 60px;\n  background-color: rgb(193, 193, 193);\n}\n#section_1527733111 .section-bg-overlay {\n  background-color: rgba(255, 255, 255, 0.85);\n}\n<\/style>\n\t<\/section>\n\t\n\t<section class=\"section\" id=\"section_1092271228\">\n\t\t<div class=\"bg section-bg fill bg-fill  bg-loaded\" >\n\n\t\t\t\n\t\t\t<div class=\"section-bg-overlay absolute fill\"><\/div>\n\t\t\t\n\n\t\t<\/div>\n\n\t\t\n\n\t\t<div class=\"section-content relative\">\n\t\t\t\n\n<div class=\"row row-large align-middle\"  id=\"row-1895828728\">\n\n\n\t<div id=\"col-587177895\" class=\"col medium-6 small-12 large-6\"  >\n\t\t\t\t<div class=\"col-inner text-left\"  >\n\t\t\t\n\t\t\t\n\n<h2 class=\"uppercase\">Kocaali Uzun yol Taksi<\/h2>\n<p>Kocaali&#8217;deki taksi hizmeti, genellikle \u015fehir merkezi, terminal, havaliman\u0131 gibi \u00f6nemli noktalardan ve ayn\u0131 zamanda b\u00f6lgedeki turistik yerlerden ve konaklama tesislerinden yolcu al\u0131yoruz. Ayr\u0131ca, yerel halk\u0131n g\u00fcnl\u00fck ula\u015f\u0131m ihtiya\u00e7lar\u0131n\u0131 kar\u015f\u0131l\u0131yoruz.<\/p>\n\n\t\t<\/div>\n\t\t\t\t\t<\/div>\n\n\t\n\n\t<div id=\"col-1283566880\" class=\"col medium-6 small-12 large-6\"  >\n\t\t\t\t<div class=\"col-inner\"  >\n\t\t\t\n\t\t\t\n\n\t<div class=\"img has-hover x md-x lg-x y md-y lg-y\" id=\"image_895850837\">\n\t\t\t\t\t\t\t\t<div class=\"img-inner box-shadow-2 dark\" >\n\t\t\t<img loading=\"lazy\" decoding=\"async\" width=\"300\" height=\"225\" src=\"https:\/\/kocaali.taxi\/wp-content\/uploads\/2024\/04\/whatsapp-image-2020-05-09-at-22.42.00-1-300x225-1.jpeg\" class=\"attachment-large size-large\" alt=\"\" \/>\t\t\t\t\t\t\n\t\t\t\t\t<\/div>\n\t\t\t\t\t\t\t\t\n<style>\n#image_895850837 {\n  width: 100%;\n}\n<\/style>\n\t<\/div>\n\t\n\n\n\t\t<\/div>\n\t\t\t\t\t<\/div>\n\n\t\n\n<\/div>\n\n\t\t<\/div>\n\n\t\t\n<style>\n#section_1092271228 {\n  padding-top: 60px;\n  padding-bottom: 60px;\n  background-color: rgb(255, 255, 255);\n}\n#section_1092271228 .section-bg-overlay {\n  background-color: rgba(255, 255, 255, 0.85);\n}\n<\/style>\n\t<\/section>\n\t\n<div class=\"message-box relative dark\" style=\"padding-top:36px;padding-bottom:36px;\"><div class=\"message-box-bg-image bg-fill fill\" style=\"background-image:url(https:\/\/kocaali.taxi\/wp-content\/uploads\/2024\/04\/WhatsApp-Image-2021-10-23-at-16.01.19-600x479-1.jpeg);\"><\/div><div class=\"message-box-bg-overlay bg-fill fill\" style=\"background-color:rgba(255, 255, 255, 0);\"><\/div><div class=\"container relative\"><div class=\"inner last-reset\">\n\n<div class=\"row align-middle\"  id=\"row-607336482\">\n\n\n\t<div id=\"col-1841176710\" class=\"col medium-7 small-12 large-7\"  >\n\t\t\t\t<div class=\"col-inner\"  >\n\t\t\t\n\t\t\t\n\n\n\t\t<\/div>\n\t\t\t\t\t<\/div>\n\n\t\n\n<\/div>\n\n<\/div><\/div><\/div>\n\t<section class=\"section\" id=\"section_1474641402\">\n\t\t<div class=\"bg section-bg fill bg-fill  bg-loaded\" >\n\n\t\t\t\n\t\t\t\n\t\t\t\n\n\t\t<\/div>\n\n\t\t\n\n\t\t<div class=\"section-content relative\">\n\t\t\t\n\n<div class=\"row row-collapse align-middle\"  id=\"row-451710168\">\n\n\n\t<div id=\"col-2108134934\" class=\"col medium-12 large-6\"  >\n\t\t\t\t<div class=\"col-inner\"  >\n\t\t\t\n\t\t\t\n\n\n  <div class=\"banner has-hover\" id=\"banner-504995230\">\n          <div class=\"banner-inner fill\">\n        <div class=\"banner-bg fill\" >\n            <div class=\"bg fill bg-fill \"><\/div>\n                                    \n                    <\/div>\n\t\t\n        <div class=\"banner-layers container\">\n            <div class=\"fill banner-link\"><\/div>            \n\n\n        <\/div>\n      <\/div>\n\n            \n<style>\n#banner-504995230 {\n  padding-top: 300px;\n  background-color: rgba(255, 255, 255, 0);\n}\n#banner-504995230 .bg.bg-loaded {\n  background-image: url(https:\/\/kocaali.taxi\/wp-content\/uploads\/2024\/04\/kocaali-taksi-1536x1152-1-1024x768.jpeg);\n}\n#banner-504995230 .bg {\n  background-position: 65% 22%;\n}\n@media (min-width:550px) {\n  #banner-504995230 {\n    padding-top: 500px;\n  }\n}\n@media (min-width:850px) {\n  #banner-504995230 {\n    padding-top: 600px;\n  }\n}\n<\/style>\n  <\/div>\n\n\n\n\t\t<\/div>\n\t\t\t\t\t<\/div>\n\n\t\n\n\t<div id=\"col-71772246\" class=\"col medium-12 large-6\"  >\n\t\t\t\t<div class=\"col-inner\"  >\n\t\t\t\n\t\t\t\n\n\t<div id=\"gap-1830369540\" class=\"gap-element clearfix\" style=\"display:block; height:auto;\">\n\t\t\n<style>\n#gap-1830369540 {\n  padding-top: 30px;\n}\n<\/style>\n\t<\/div>\n\t\n\n\t<div id=\"text-2112761753\" class=\"text\">\n\t\t\n\n<h3>Hakk\u0131m\u0131zda<\/h3>\n\t\t\n<style>\n#text-2112761753 {\n  font-size: 2rem;\n  line-height: 1;\n}\n<\/style>\n\t<\/div>\n\t\n<p>Kocaali Taksi olarak, uzun y\u0131llard\u0131r Sakarya&#8217;n\u0131n g\u00fczel il\u00e7esi Kocaali&#8217;de yerel halk\u0131n ve ziyaret\u00e7ilerin g\u00fcvenilir ve konforlu ula\u015f\u0131m\u0131n\u0131 sa\u011flamaktan gurur duyuyoruz. Misyonumuz, her zaman m\u00fc\u015fterilerimize en y\u00fcksek kalitede hizmet sunmak ve onlar\u0131n seyahat deneyimlerini kolayla\u015ft\u0131rmak i\u00e7in \u00e7al\u0131\u015fmakt\u0131r.<\/p>\n<p>Kocaali Taksi olarak, m\u00fc\u015fteri memnuniyeti ve g\u00fcvenli\u011fi en \u00f6nemli \u00f6nceli\u011fimizdir. Profesyonel ve deneyimli s\u00fcr\u00fcc\u00fclerimizle birlikte, m\u00fc\u015fterilerimizin istedikleri noktalara g\u00fcvenle ve zaman\u0131nda ula\u015fmalar\u0131n\u0131 sa\u011fl\u0131yoruz. Yolcular\u0131m\u0131z\u0131n seyahatlerini konforlu ve keyifli hale getirmek i\u00e7in ara\u00e7lar\u0131m\u0131z\u0131 d\u00fczenli olarak bak\u0131m ve temizlikten ge\u00e7iriyoruz.<\/p>\n<p>Yerel toplulu\u011fa hizmet vermenin yan\u0131 s\u0131ra, Kocaali Taksi olarak turistlere de \u00f6zel hizmetler sunuyoruz. \u0130l\u00e7emizin do\u011fal g\u00fczelliklerini ve turistik yerlerini ke\u015ffetmek isteyen ziyaret\u00e7ilerimize rehberlik etmek ve onlara unutulmaz bir deneyim ya\u015fatmak i\u00e7in haz\u0131r\u0131z.<\/p>\n<p>Kocaali Taksi olarak, d\u00fcr\u00fcstl\u00fck, g\u00fcvenilirlik ve m\u00fc\u015fteri memnuniyetine olan ba\u011fl\u0131l\u0131\u011f\u0131m\u0131zla biliniriz. Her zaman en iyi hizmeti sunmak i\u00e7in \u00e7al\u0131\u015f\u0131yor ve m\u00fc\u015fterilerimizin beklentilerini a\u015fmay\u0131 hedefliyoruz.<\/p>\n\n\t\t<\/div>\n\t\t\t\t\n<style>\n#col-71772246 > .col-inner {\n  padding: 20px 20px 20px 20px;\n}\n@media (min-width:550px) {\n  #col-71772246 > .col-inner {\n    padding: 30px 50px 40px 50px;\n  }\n}\n@media (min-width:850px) {\n  #col-71772246 > .col-inner {\n    padding: 0px 20% 0px 15%;\n  }\n}\n<\/style>\n\t<\/div>\n\n\t\n\n<\/div>\n\n\t\t<\/div>\n\n\t\t\n<style>\n#section_1474641402 {\n  padding-top: 0px;\n  padding-bottom: 0px;\n}\n<\/style>\n\t<\/section>\n\t\n<div class=\"row\"  id=\"row-206244164\">\n\n\n\t<div id=\"col-1992573174\" class=\"col medium-4 small-12 large-4\"  >\n\t\t\t\t<div class=\"col-inner\"  >\n\t\t\t\n\t\t\t\n\n<div class=\"video video-fit mb\" style=\"padding-top:56.25%;\"><div style=\"width: 640px;\" class=\"wp-video\"><video class=\"wp-video-shortcode\" id=\"video-7-1\" width=\"640\" height=\"360\" preload=\"metadata\" controls=\"controls\"><source type=\"video\/mp4\" src=\"https:\/\/kocaali.taxi\/wp-content\/uploads\/2024\/04\/WhatsApp-Video-2021-10-23-at-17.42.10.mp4?_=1\" \/><a href=\"https:\/\/kocaali.taxi\/wp-content\/uploads\/2024\/04\/WhatsApp-Video-2021-10-23-at-17.42.10.mp4\">https:\/\/kocaali.taxi\/wp-content\/uploads\/2024\/04\/WhatsApp-Video-2021-10-23-at-17.42.10.mp4<\/a><\/video><\/div><\/div>\n\n\n\t\t<\/div>\n\t\t\t\t\t<\/div>\n\n\t\n\n\t<div id=\"col-1152984319\" class=\"col medium-4 small-12 large-4\"  >\n\t\t\t\t<div class=\"col-inner\"  >\n\t\t\t\n\t\t\t\n\n<div class=\"video video-fit mb\" style=\"padding-top:56.25%;\"><p><div style=\"width: 640px;\" class=\"wp-video\"><video class=\"wp-video-shortcode\" id=\"video-7-2\" width=\"640\" height=\"360\" preload=\"metadata\" controls=\"controls\"><source type=\"video\/mp4\" src=\"https:\/\/kocaali.taxi\/wp-content\/uploads\/2024\/04\/WhatsApp-Video-2021-10-23-at-17.42.10-1.mp4?_=2\" \/><a href=\"https:\/\/kocaali.taxi\/wp-content\/uploads\/2024\/04\/WhatsApp-Video-2021-10-23-at-17.42.10-1.mp4\">https:\/\/kocaali.taxi\/wp-content\/uploads\/2024\/04\/WhatsApp-Video-2021-10-23-at-17.42.10-1.mp4<\/a><\/video><\/div><\/p>\n<\/div>\n\n\n\t\t<\/div>\n\t\t\t\t\t<\/div>\n\n\t\n\n\t<div id=\"col-1847189783\" class=\"col medium-4 small-12 large-4\"  >\n\t\t\t\t<div class=\"col-inner\"  >\n\t\t\t\n\t\t\t\n\n<div class=\"video video-fit mb\" style=\"padding-top:56.25%;\"><p><div style=\"width: 640px;\" class=\"wp-video\"><video class=\"wp-video-shortcode\" id=\"video-7-3\" width=\"640\" height=\"360\" preload=\"metadata\" controls=\"controls\"><source type=\"video\/mp4\" src=\"https:\/\/kocaali.taxi\/wp-content\/uploads\/2024\/04\/WhatsApp-Video-2021-10-23-at-17.42.10-2.mp4?_=3\" \/><a href=\"https:\/\/kocaali.taxi\/wp-content\/uploads\/2024\/04\/WhatsApp-Video-2021-10-23-at-17.42.10-2.mp4\">https:\/\/kocaali.taxi\/wp-content\/uploads\/2024\/04\/WhatsApp-Video-2021-10-23-at-17.42.10-2.mp4<\/a><\/video><\/div><\/p>\n<\/div>\n\n\n\t\t<\/div>\n\t\t\t\t\t<\/div>\n\n\t\n\n<\/div>\n\n","protected":false},"excerpt":{"rendered":"","protected":false},"author":1,"featured_media":22,"parent":0,"menu_order":0,"comment_status":"closed","ping_status":"closed","template":"page-blank.php","meta":{"footnotes":""},"class_list":["post-7","page","type-page","status-publish","has-post-thumbnail","hentry"],"_links":{"self":[{"href":"https:\/\/kocaali.taxi\/index.php\/wp-json\/wp\/v2\/pages\/7","targetHints":{"allow":["GET"]}}],"collection":[{"href":"https:\/\/kocaali.taxi\/index.php\/wp-json\/wp\/v2\/pages"}],"about":[{"href":"https:\/\/kocaali.taxi\/index.php\/wp-json\/wp\/v2\/types\/page"}],"author":[{"embeddable":true,"href":"https:\/\/kocaali.taxi\/index.php\/wp-json\/wp\/v2\/users\/1"}],"replies":[{"embeddable":true,"href":"https:\/\/kocaali.taxi\/index.php\/wp-json\/wp\/v2\/comments?post=7"}],"version-history":[{"count":25,"href":"https:\/\/kocaali.taxi\/index.php\/wp-json\/wp\/v2\/pages\/7\/revisions"}],"predecessor-version":[{"id":60,"href":"https:\/\/kocaali.taxi\/index.php\/wp-json\/wp\/v2\/pages\/7\/revisions\/60"}],"wp:featuredmedia":[{"embeddable":true,"href":"https:\/\/kocaali.taxi\/index.php\/wp-json\/wp\/v2\/media\/22"}],"wp:attachment":[{"href":"https:\/\/kocaali.taxi\/index.php\/wp-json\/wp\/v2\/media?parent=7"}],"curies":[{"name":"wp","href":"https:\/\/api.w.org\/{rel}","templated":true}]}}